{"id":939,"date":"2024-07-23T11:40:03","date_gmt":"2024-07-23T15:40:03","guid":{"rendered":"https:\/\/lasalletarija.org\/?page_id=939"},"modified":"2024-07-31T08:38:24","modified_gmt":"2024-07-31T12:38:24","slug":"aprendizaje-en-linea","status":"publish","type":"page","link":"https:\/\/lasalletarija.org\/index.php\/aprendizaje-en-linea\/","title":{"rendered":"APRENDIZAJE EN L\u00cdNEA"},"content":{"rendered":"\n<p class=\"has-medium-font-size\"><strong>PRIMERA SESI\u00d3N:<\/strong> <\/p>\n\n\n\n<p class=\"has-medium-font-size\"><strong>COMUNICACI\u00d3N Y ORGANIZACI\u00d3N CON GMAIL: <\/strong><\/p>\n\n\n\n<p class=\"has-medium-font-size\">Ing. Christian Villarroel Urzagaste. Educador Google Certificado<\/p>\n\n\n\n<p class=\"has-medium-font-size\"><a href=\"https:\/\/docs.google.com\/presentation\/d\/1UWK2PDUcehZaOq9kZDgOQmjqdTL0PeIDnvLf36SB8hI\/edit?usp=sharing\">ENLACE DE PRESENTACION<\/a><\/p>\n\n\n\n<figure class=\"wp-block-embed is-type-video is-provider-youtube wp-block-embed-youtube wp-embed-aspect-16-9 wp-has-aspect-ratio\"><div class=\"wp-block-embed__wrapper\">\n<iframe loading=\"lazy\" title=\"PROGRAMA DE APRENDIZAJE EN LINEA\" width=\"640\" height=\"360\" src=\"https:\/\/www.youtube.com\/embed\/APd7yHRrbvU?feature=oembed\" frameborder=\"0\" allow=\"accelerometer; autoplay; clipboard-write; encrypted-media; gyroscope; picture-in-picture; web-share\" referrerpolicy=\"strict-origin-when-cross-origin\" allowfullscreen><\/iframe>\n<\/div><\/figure>\n\n\n\n<p><\/p>\n\n\n\n<p><\/p>\n\n\n\n<p><\/p>\n\n\n\n<p class=\"has-medium-font-size\"><strong>SEGUNDA SESI\u00d3N<\/strong>:<\/p>\n\n\n\n<p><strong>ORGANIZACION Y USO DE GOOGLE DRIVE<\/strong>:<\/p>\n\n\n\n<p>Lic. Paola Iba\u00f1ez. Educador Google Certificado<\/p>\n\n\n\n<p><a href=\"https:\/\/docs.google.com\/presentation\/d\/1sThGrTrRch3fw5bQePCiKq33OCFFhy43piDktcqS1g4\/edit?usp=sharing\" data-type=\"link\" data-id=\"https:\/\/docs.google.com\/presentation\/d\/1sThGrTrRch3fw5bQePCiKq33OCFFhy43piDktcqS1g4\/edit?usp=sharing\">ENLACE PRESENTACI\u00d3N<\/a><\/p>\n\n\n\n<figure class=\"wp-block-embed is-type-video is-provider-youtube wp-block-embed-youtube wp-embed-aspect-16-9 wp-has-aspect-ratio\"><div class=\"wp-block-embed__wrapper\">\n<iframe loading=\"lazy\" title=\"SESION 2 - PROGRAMA APRENDIZAJE EN L\u00cdNEA\" width=\"640\" height=\"360\" src=\"https:\/\/www.youtube.com\/embed\/02SFA7XPuq0?feature=oembed\" frameborder=\"0\" allow=\"accelerometer; autoplay; clipboard-write; encrypted-media; gyroscope; picture-in-picture; web-share\" referrerpolicy=\"strict-origin-when-cross-origin\" allowfullscreen><\/iframe>\n<\/div><\/figure>\n\n\n\n<p><\/p>\n\n\n\n<p><\/p>\n\n\n\n<p><\/p>\n\n\n\n<p><\/p>\n\n\n\n<p class=\"has-medium-font-size\"><strong>TERCERA SESI\u00d3N<\/strong>:<\/p>\n\n\n\n<p><strong>CREAR CONTENIDO HIPERMEDIA CON GOOGLE DOCUMENTOS &#8211; GSITE<\/strong>:<\/p>\n\n\n\n<p>Lic. Miguel Angel Tapia Figueroa. Educador Google Certificado<\/p>\n\n\n\n<p><a href=\"https:\/\/docs.google.com\/presentation\/d\/1vPgXEHWRDfbw0Js7xjlz3PkpYtMKQTX7Ez1oNZT-rHE\/edit?usp=sharing\" data-type=\"link\" data-id=\"https:\/\/docs.google.com\/presentation\/d\/1vPgXEHWRDfbw0Js7xjlz3PkpYtMKQTX7Ez1oNZT-rHE\/edit?usp=sharing\">ENLACE DE PRESENTACI\u00d3N<\/a><\/p>\n\n\n\n<figure class=\"wp-block-embed is-type-video is-provider-youtube wp-block-embed-youtube wp-embed-aspect-16-9 wp-has-aspect-ratio\"><div class=\"wp-block-embed__wrapper\">\n<iframe loading=\"lazy\" title=\"SESION 3 - PROGRAMA APRENDIZAJE EN L\u00cdNEA\" width=\"640\" height=\"360\" src=\"https:\/\/www.youtube.com\/embed\/tAPtrq_0AMI?feature=oembed\" frameborder=\"0\" allow=\"accelerometer; autoplay; clipboard-write; encrypted-media; gyroscope; picture-in-picture; web-share\" referrerpolicy=\"strict-origin-when-cross-origin\" allowfullscreen><\/iframe>\n<\/div><\/figure>\n\n\n\n<p><\/p>\n\n\n\n<p><\/p>\n\n\n\n<p><\/p>\n\n\n\n<p><\/p>\n\n\n\n<p class=\"has-medium-font-size\"><strong>CUERTA SESI\u00d3N<\/strong>:<\/p>\n\n\n\n<p><strong>CREAR CONTENIDO HIPERMEDIA CON GOOGLE PRESENTACIONES &#8211; GMEET &#8211; GCHAT<\/strong>:<\/p>\n\n\n\n<p>Prof. Diego Siles Rivero. Educador Google Certificado<\/p>\n\n\n\n<p><a href=\"https:\/\/docs.google.com\/presentation\/d\/183YZqSRnB_p_o5e0MX1sXsGjlC-0DvMBnMRmfCOhlk0\/edit?usp=drivesdk\" data-type=\"link\" data-id=\"https:\/\/docs.google.com\/presentation\/d\/183YZqSRnB_p_o5e0MX1sXsGjlC-0DvMBnMRmfCOhlk0\/edit?usp=drivesdk\">ENLACE DE PRESENTACI\u00d3N<\/a><\/p>\n\n\n\n<figure class=\"wp-block-embed is-type-video is-provider-youtube wp-block-embed-youtube wp-embed-aspect-16-9 wp-has-aspect-ratio\"><div class=\"wp-block-embed__wrapper\">\n<iframe loading=\"lazy\" title=\"SESION 4 - PROGRAMA APRENDIZAJE EN LINEA\" width=\"640\" height=\"360\" src=\"https:\/\/www.youtube.com\/embed\/7NcZKvQhJTA?feature=oembed\" frameborder=\"0\" allow=\"accelerometer; autoplay; clipboard-write; encrypted-media; gyroscope; picture-in-picture; web-share\" referrerpolicy=\"strict-origin-when-cross-origin\" allowfullscreen><\/iframe>\n<\/div><\/figure>\n\n\n\n<p><\/p>\n\n\n\n<p><\/p>\n\n\n\n<p><\/p>\n\n\n\n<p class=\"has-medium-font-size\"><strong>QUINTA SESI\u00d3N<\/strong>:<\/p>\n\n\n\n<p><strong>AGENDAR ACTIVIDADES Y ORGANIZACION DE EVENTOS CON G CALENDAR &#8211; HOJAS DE CALCULO<\/strong>:<\/p>\n\n\n\n<p>Ing. Daniel Lopez Grillo. Educador Google Certificado<\/p>\n\n\n\n<p><a href=\"https:\/\/docs.google.com\/presentation\/d\/1dW_91MkBWaWg9gRrIel5BW6KwkMjPLyIG5sY36O2QnU\/edit?usp=sharing\" data-type=\"link\" data-id=\"https:\/\/docs.google.com\/presentation\/d\/1dW_91MkBWaWg9gRrIel5BW6KwkMjPLyIG5sY36O2QnU\/edit?usp=sharing\">ENLACE DE PRESENTACI\u00d3N<\/a><\/p>\n\n\n\n<figure class=\"wp-block-embed is-type-video is-provider-youtube wp-block-embed-youtube wp-embed-aspect-16-9 wp-has-aspect-ratio\"><div class=\"wp-block-embed__wrapper\">\n<iframe loading=\"lazy\" title=\"SESION 5 - PROGRAMA APRENDIZAJE EN LINEA\" width=\"640\" height=\"360\" src=\"https:\/\/www.youtube.com\/embed\/rrm2SgvaJXw?feature=oembed\" frameborder=\"0\" allow=\"accelerometer; autoplay; clipboard-write; encrypted-media; gyroscope; picture-in-picture; web-share\" referrerpolicy=\"strict-origin-when-cross-origin\" allowfullscreen><\/iframe>\n<\/div><\/figure>\n\n\n\n<p><\/p>\n\n\n\n<p><\/p>\n\n\n\n<p><\/p>\n\n\n\n<p class=\"has-medium-font-size\"><strong>SEXTA SESI\u00d3N<\/strong>:<\/p>\n\n\n\n<p><strong>GOOGLE CLASSROOM HERRAMIENTA ESENCIAL EN EL AULA<\/strong>:<\/p>\n\n\n\n<p>Lic. Esthela Campero Lopez. Educador Google Certificado<\/p>\n\n\n\n<p><a href=\"https:\/\/docs.google.com\/presentation\/d\/1SjXMzA6PIc1JGmWUHPQScSK9y9k1Bkxw\/edit?usp=sharing&amp;ouid=111961123736116418473&amp;rtpof=true&amp;sd=true\" data-type=\"link\" data-id=\"https:\/\/docs.google.com\/presentation\/d\/1SjXMzA6PIc1JGmWUHPQScSK9y9k1Bkxw\/edit?usp=sharing&amp;ouid=111961123736116418473&amp;rtpof=true&amp;sd=true\">ENLACE DE PRESENTACI\u00d3N<\/a><\/p>\n\n\n\n<figure class=\"wp-block-embed is-type-video is-provider-youtube wp-block-embed-youtube wp-embed-aspect-16-9 wp-has-aspect-ratio\"><div class=\"wp-block-embed__wrapper\">\n<iframe loading=\"lazy\" title=\"SESION 6 - PROGRAMA APRENDIZAJE EN LINEA\" width=\"640\" height=\"360\" src=\"https:\/\/www.youtube.com\/embed\/w8ZPKyU_0Ko?feature=oembed\" frameborder=\"0\" allow=\"accelerometer; autoplay; clipboard-write; encrypted-media; gyroscope; picture-in-picture; web-share\" referrerpolicy=\"strict-origin-when-cross-origin\" allowfullscreen><\/iframe>\n<\/div><\/figure>\n\n\n\n<p><\/p>\n\n\n\n<p><\/p>\n\n\n\n<p><\/p>\n\n\n\n<p><\/p>\n\n\n\n<p class=\"has-medium-font-size\"><strong>SEPTIMA SESI\u00d3N<\/strong>:<\/p>\n\n\n\n<p><strong>COMUNICACION CON GOOGLE GRUPOS &#8211; EVALUACIONES CON GFORMULARIOS:<\/strong><\/p>\n\n\n\n<p>Mtro. Miguel Angel Doria Medina. Educador Google Certificado<\/p>\n\n\n\n<p><a href=\"https:\/\/docs.google.com\/presentation\/d\/1km36bBO6w7kGF0QK7p9xMOUtoE9O3YN2opGRqRRrbSY\/edit?usp=sharing\" data-type=\"link\" data-id=\"https:\/\/docs.google.com\/presentation\/d\/1km36bBO6w7kGF0QK7p9xMOUtoE9O3YN2opGRqRRrbSY\/edit?usp=sharing\">ENLACE DE PRESENTACI\u00d3N<\/a><\/p>\n\n\n\n<figure class=\"wp-block-embed is-type-video is-provider-youtube wp-block-embed-youtube wp-embed-aspect-16-9 wp-has-aspect-ratio\"><div class=\"wp-block-embed__wrapper\">\n<iframe loading=\"lazy\" title=\"SESION 7- PROGRAMA APRENDIZAJE EN LINEA\" width=\"640\" height=\"360\" src=\"https:\/\/www.youtube.com\/embed\/1ra_HJHXeNU?feature=oembed\" frameborder=\"0\" allow=\"accelerometer; autoplay; clipboard-write; encrypted-media; gyroscope; picture-in-picture; web-share\" referrerpolicy=\"strict-origin-when-cross-origin\" allowfullscreen><\/iframe>\n<\/div><\/figure>\n\n\n\n<p><\/p>\n\n\n\n<p><\/p>\n\n\n\n<p><\/p>\n\n\n\n<p class=\"has-medium-font-size\"><strong>ULTIMA SESI\u00d3N:<\/strong> <\/p>\n\n\n\n<p class=\"has-medium-font-size\"><strong>GEMINI EN EL ENTORNO EDUCATIVO: <\/strong><\/p>\n\n\n\n<p><strong>Lic. Ra\u00fal H. Gonzales B. <\/strong><\/p>\n\n\n\n<p><strong>Google Trainer Lider GEG Tarija<\/strong><\/p>\n\n\n\n<p class=\"has-medium-font-size\"><a href=\"https:\/\/docs.google.com\/presentation\/d\/1Thy5teUVw-6iHtS9cx3J3q6ns8gW0o3IUNlVX8Yhm2Y\/edit?usp=sharing\" data-type=\"link\" data-id=\"https:\/\/docs.google.com\/presentation\/d\/1Thy5teUVw-6iHtS9cx3J3q6ns8gW0o3IUNlVX8Yhm2Y\/edit?usp=sharing\">ENLACE DE PRESENTAC\u00cdON<\/a> <\/p>\n\n\n\n<figure class=\"wp-block-embed is-type-video is-provider-youtube wp-block-embed-youtube wp-embed-aspect-16-9 wp-has-aspect-ratio\"><div class=\"wp-block-embed__wrapper\">\n<iframe loading=\"lazy\" title=\"SESI\u00d3N FINAL - PROGRAMA DE APRENDIZAJE EN LINEA\" width=\"640\" height=\"360\" src=\"https:\/\/www.youtube.com\/embed\/tIHXovfdKCM?feature=oembed\" frameborder=\"0\" allow=\"accelerometer; autoplay; clipboard-write; encrypted-media; gyroscope; picture-in-picture; web-share\" referrerpolicy=\"strict-origin-when-cross-origin\" allowfullscreen><\/iframe>\n<\/div><\/figure>\n","protected":false},"excerpt":{"rendered":"<p>PRIMERA SESI\u00d3N: COMUNICACI\u00d3N Y ORGANIZACI\u00d3N CON GMAIL: Ing. Christian Villarroel Urzagaste. Educador Google Certificado ENLACE DE PRESENTACION SEGUNDA SESI\u00d3N: ORGANIZACION Y USO DE GOOGLE DRIVE: Lic. Paola Iba\u00f1ez. Educador Google Certificado ENLACE PRESENTACI\u00d3N TERCERA SESI\u00d3N: CREAR CONTENIDO HIPERMEDIA CON GOOGLE DOCUMENTOS &#8211; GSITE: Lic. Miguel Angel Tapia Figueroa. Educador Google Certificado ENLACE DE PRESENTACI\u00d3N CUERTA [&hellip;]<\/p>\n","protected":false},"author":1,"featured_media":0,"parent":0,"menu_order":0,"comment_status":"closed","ping_status":"closed","template":"","meta":{"footnotes":""},"class_list":["post-939","page","type-page","status-publish","hentry"],"_links":{"self":[{"href":"https:\/\/lasalletarija.org\/index.php\/wp-json\/wp\/v2\/pages\/939","targetHints":{"allow":["GET"]}}],"collection":[{"href":"https:\/\/lasalletarija.org\/index.php\/wp-json\/wp\/v2\/pages"}],"about":[{"href":"https:\/\/lasalletarija.org\/index.php\/wp-json\/wp\/v2\/types\/page"}],"author":[{"embeddable":true,"href":"https:\/\/lasalletarija.org\/index.php\/wp-json\/wp\/v2\/users\/1"}],"replies":[{"embeddable":true,"href":"https:\/\/lasalletarija.org\/index.php\/wp-json\/wp\/v2\/comments?post=939"}],"version-history":[{"count":7,"href":"https:\/\/lasalletarija.org\/index.php\/wp-json\/wp\/v2\/pages\/939\/revisions"}],"predecessor-version":[{"id":970,"href":"https:\/\/lasalletarija.org\/index.php\/wp-json\/wp\/v2\/pages\/939\/revisions\/970"}],"wp:attachment":[{"href":"https:\/\/lasalletarija.org\/index.php\/wp-json\/wp\/v2\/media?parent=939"}],"curies":[{"name":"wp","href":"https:\/\/api.w.org\/{rel}","templated":true}]}}