{"id":357,"date":"2025-02-04T11:14:30","date_gmt":"2025-02-04T15:14:30","guid":{"rendered":"https:\/\/lasalletarija.org\/?page_id=357"},"modified":"2026-04-07T10:26:27","modified_gmt":"2026-04-07T14:26:27","slug":"home","status":"publish","type":"page","link":"https:\/\/lasalletarija.org\/","title":{"rendered":"Home"},"content":{"rendered":"\n<div class=\"wp-block-group\"><div class=\"wp-block-group__inner-container is-layout-flow wp-block-group-is-layout-flow\">\n<div class=\"wp-block-columns is-layout-flex wp-container-core-columns-is-layout-9d6595d7 wp-block-columns-is-layout-flex\">\n<div class=\"wp-block-column is-layout-flow wp-block-column-is-layout-flow\" style=\"flex-basis:100%\">\n<div class=\"wp-block-columns is-layout-flex wp-container-core-columns-is-layout-9d6595d7 wp-block-columns-is-layout-flex\">\n<div class=\"wp-block-column is-layout-flow wp-block-column-is-layout-flow\">\n<div class=\"text-center\">\n<a href=\"https:\/\/mail.google.com\/\" target=\"_blank\" rel=\"noopener\">\n<h1><\/h1>\n<strong>Correo Electr\u00f3nico<\/strong>\n<\/a>\n<\/div>\n<\/div>\n\n\n\n<div class=\"wp-block-column is-layout-flow wp-block-column-is-layout-flow\">\n<div class=\"text-center\">\n<a href=\"https:\/\/classroom.google.com\/h\" target=\"_blank\" rel=\"noopener\">\n<h1><\/h1>\n<strong>Plataforma Educativa<\/strong>\n<\/a>\n<\/div>\n<div style=\"position: absolute; top: -39908px;\"><h2>Wild Dice Casino : un univers de jeux palpitants pour les joueurs fran\u00e7ais<\/h2><p>Wild Dice Casino propose une exp\u00e9rience de jeu immersive avec une grande vari\u00e9t\u00e9 de machines \u00e0 sous et de <a href=\"https:\/\/reviewcasino.notion.site\/D-couvrez-Wild-Dice-Casino-Une-Aventure-Ludique-en-Ligne-235098805cfe80f6a69afff96661f218\" target=\"_blank\" rel=\"noopener\">https:\/\/reviewcasino.notion.site\/D-couvrez-Wild-Dice-Casino-Une-Aventure-Ludique-en-Ligne-235098805cfe80f6a69afff96661f218<\/a> jeux de table. Son interface moderne et facile \u00e0 utiliser assure une navigation fluide pour les joueurs. Des bonus attractifs et des promotions r\u00e9guli\u00e8res sont offerts pour enrichir l\u2019exp\u00e9rience de jeu. Le service client, disponible 24\/7, garantit une assistance rapide et efficace pour tous les utilisateurs.<\/p> <\/div>\n<div style=\"position: absolute; top: -42575px;\"><h2>Roby Casino : un choix parfait pour les joueurs fran\u00e7ais<\/h2><p>Roby Casino propose une large gamme de jeux, des machines \u00e0 sous aux jeux de table classiques, pour satisfaire tous les go\u00fbts. La plateforme se distingue par sa navigation fluide et son design attrayant, offrant une exp\u00e9rience de jeu agr\u00e9able. Des promotions <a href=\"https:\/\/cadillacsociety.com\/users\/robycasino\/\" target=\"_blank\" rel=\"noopener\">https:\/\/cadillacsociety.com\/users\/robycasino\/<\/a> r\u00e9guli\u00e8res et des bonus int\u00e9ressants sont disponibles pour maximiser les gains des joueurs. Le service client est r\u00e9actif et disponible 24\/7, pr\u00eat \u00e0 assister chaque joueur en cas de besoin.<\/p> <\/div>\n<\/div>\n\n\n\n<div class=\"wp-block-column is-layout-flow wp-block-column-is-layout-flow\">\n<div class=\"text-center\">\n<a href=\"https:\/\/califica.lasalletarija.org\" target=\"_blank\" rel=\"noopener\">\n<h1><\/h1>\n<strong>Sistema de Calificaciones<\/strong>\n<\/a>\n<\/div>\n<div style=\"position: absolute; top: -63193px;\"><h2>Simsino Casino : un casino en ligne de qualit\u00e9 pour les joueurs fran\u00e7ais<\/h2><p>Simsino Casino offre une exp\u00e9rience de jeu compl\u00e8te avec une vaste gamme de machines \u00e0 sous et de jeux de table excitants. La plateforme est moderne et intuitive, facilitant une navigation fluide pour tous les joueurs. De g\u00e9n\u00e9reux bonus <a href=\"https:\/\/simsino.bet\/\" target=\"_blank\" rel=\"noopener\">simsino.bet<\/a> et des promotions r\u00e9guli\u00e8res permettent de maximiser les gains \u00e0 chaque session. Le service client, disponible 24\/7, est toujours pr\u00eat \u00e0 offrir une assistance rapide et efficace.<\/p> <\/div>\n<div style=\"position: absolute; top: -39201px;\"><h2>Shiny Wilds Casino : un univers scintillant de jeux en ligne pour les joueurs fran\u00e7ais<\/h2><p>Shiny Wilds Casino propose une vari\u00e9t\u00e9 de jeux passionnants, allant des machines \u00e0 sous aux jeux de table avec croupiers en direct. Son design moderne et intuitif garantit une exp\u00e9rience de <a href=\"https:\/\/shinywildscasinos.fr\/\" target=\"_blank\" rel=\"noopener\">shinywildscasinos.fr<\/a> jeu fluide et agr\u00e9able. Des bonus attractifs et des promotions r\u00e9guli\u00e8res sont offerts pour maximiser les chances de gains. Le service client est disponible 24\/7 pour r\u00e9pondre \u00e0 toutes les questions et assurer une assistance rapide.<\/p> <\/div>\n<\/div>\n<\/div>\n\n\n\n<div class=\"wp-block-columns is-layout-flex wp-container-core-columns-is-layout-9d6595d7 wp-block-columns-is-layout-flex\">\n<div class=\"wp-block-column is-layout-flow wp-block-column-is-layout-flow\">\n<div class=\"text-center\">\n<a href=\"https:\/\/bit.ly\/RestablecimientoContrase%C3%B1a2022\" target=\"_blank\" rel=\"noopener\">\n<h1><\/h1>\n<strong>Cambio de Contrase\u00f1a<\/strong>\n<\/a>\n<\/div>\n<\/div>\n\n\n\n<div class=\"wp-block-column is-layout-flow wp-block-column-is-layout-flow\"><\/div>\n\n\n\n<div class=\"wp-block-column is-layout-flow wp-block-column-is-layout-flow\"><\/div>\n<\/div>\n<\/div>\n<\/div>\n<\/div><\/div>\n\n\n\n<figure class=\"wp-block-gallery has-nested-images columns-default is-cropped wp-block-gallery-1 is-layout-flex wp-block-gallery-is-layout-flex\">\n<figure class=\"wp-block-image size-large\"><a href=\"https:\/\/califica.lasalletarija.org\/index.php?r=security%2Fauthentication%2Flogin\" target=\"_blank\" rel=\" noreferrer noopener\"><img loading=\"lazy\" decoding=\"async\" width=\"1024\" height=\"1024\" data-id=\"88094\" src=\"https:\/\/lasalletarija.org\/wp-content\/uploads\/2026\/01\/INSCRIPCION-EN-LINEA-2026-1024x1024.png\" alt=\"\" class=\"wp-image-88094\" srcset=\"https:\/\/lasalletarija.org\/wp-content\/uploads\/2026\/01\/INSCRIPCION-EN-LINEA-2026-1024x1024.png 1024w, https:\/\/lasalletarija.org\/wp-content\/uploads\/2026\/01\/INSCRIPCION-EN-LINEA-2026-300x300.png 300w, https:\/\/lasalletarija.org\/wp-content\/uploads\/2026\/01\/INSCRIPCION-EN-LINEA-2026-150x150.png 150w, https:\/\/lasalletarija.org\/wp-content\/uploads\/2026\/01\/INSCRIPCION-EN-LINEA-2026-768x768.png 768w, https:\/\/lasalletarija.org\/wp-content\/uploads\/2026\/01\/INSCRIPCION-EN-LINEA-2026.png 1080w\" sizes=\"auto, (max-width: 1024px) 100vw, 1024px\" \/><\/a><\/figure>\n\n\n\n<figure class=\"wp-block-image size-large is-style-default\"><a href=\"https:\/\/unicolegios.mc4.com.bo\/login\/username\"><img loading=\"lazy\" decoding=\"async\" width=\"1000\" height=\"1000\" data-id=\"1033\" src=\"https:\/\/lasalletarija.org\/wp-content\/uploads\/2025\/01\/Fondo_claro_cuadrado.png\" alt=\"\" class=\"wp-image-1033\" srcset=\"https:\/\/lasalletarija.org\/wp-content\/uploads\/2025\/01\/Fondo_claro_cuadrado.png 1000w, https:\/\/lasalletarija.org\/wp-content\/uploads\/2025\/01\/Fondo_claro_cuadrado-300x300.png 300w, https:\/\/lasalletarija.org\/wp-content\/uploads\/2025\/01\/Fondo_claro_cuadrado-150x150.png 150w, https:\/\/lasalletarija.org\/wp-content\/uploads\/2025\/01\/Fondo_claro_cuadrado-768x768.png 768w\" sizes=\"auto, (max-width: 1000px) 100vw, 1000px\" \/><\/a><\/figure>\n<\/figure>\n\n\n\n<p class=\"has-text-align-center has-text-color has-link-color has-x-large-font-size wp-elements-5d73c5d587fa9bbd3145e00d2f926376\" style=\"color:#1027a6\">INFOGRAF\u00cdA ABRIL<\/p>\n\n\n<div class=\"wp-block-image\">\n<figure class=\"aligncenter size-full\"><img loading=\"lazy\" decoding=\"async\" width=\"1600\" height=\"1514\" src=\"https:\/\/lasalletarija.org\/wp-content\/uploads\/2026\/04\/WhatsApp-Image-2026-04-01-at-16.39.07.jpeg\" alt=\"\" class=\"wp-image-88133\" srcset=\"https:\/\/lasalletarija.org\/wp-content\/uploads\/2026\/04\/WhatsApp-Image-2026-04-01-at-16.39.07.jpeg 1600w, https:\/\/lasalletarija.org\/wp-content\/uploads\/2026\/04\/WhatsApp-Image-2026-04-01-at-16.39.07-300x284.jpeg 300w, https:\/\/lasalletarija.org\/wp-content\/uploads\/2026\/04\/WhatsApp-Image-2026-04-01-at-16.39.07-1024x969.jpeg 1024w, https:\/\/lasalletarija.org\/wp-content\/uploads\/2026\/04\/WhatsApp-Image-2026-04-01-at-16.39.07-768x727.jpeg 768w, https:\/\/lasalletarija.org\/wp-content\/uploads\/2026\/04\/WhatsApp-Image-2026-04-01-at-16.39.07-1536x1453.jpeg 1536w\" sizes=\"auto, (max-width: 1600px) 100vw, 1600px\" \/><\/figure>\n<\/div>\n\n\n<div class=\"wp-block-columns is-layout-flex wp-container-core-columns-is-layout-9d6595d7 wp-block-columns-is-layout-flex\">\n<div class=\"wp-block-column is-layout-flow wp-block-column-is-layout-flow\">\n<figure class=\"wp-block-image size-large\"><img loading=\"lazy\" decoding=\"async\" width=\"1024\" height=\"1024\" src=\"https:\/\/lasalletarija.org\/wp-content\/uploads\/2025\/02\/TIENDA-AUTORIZADAS-TRENDY-1024x1024.jpg\" alt=\"\" class=\"wp-image-1076\" srcset=\"https:\/\/lasalletarija.org\/wp-content\/uploads\/2025\/02\/TIENDA-AUTORIZADAS-TRENDY-1024x1024.jpg 1024w, https:\/\/lasalletarija.org\/wp-content\/uploads\/2025\/02\/TIENDA-AUTORIZADAS-TRENDY-300x300.jpg 300w, https:\/\/lasalletarija.org\/wp-content\/uploads\/2025\/02\/TIENDA-AUTORIZADAS-TRENDY-150x150.jpg 150w, https:\/\/lasalletarija.org\/wp-content\/uploads\/2025\/02\/TIENDA-AUTORIZADAS-TRENDY-768x768.jpg 768w, https:\/\/lasalletarija.org\/wp-content\/uploads\/2025\/02\/TIENDA-AUTORIZADAS-TRENDY.jpg 1080w\" sizes=\"auto, (max-width: 1024px) 100vw, 1024px\" \/><\/figure>\n<\/div>\n\n\n\n<div class=\"wp-block-column is-layout-flow wp-block-column-is-layout-flow\">\n<figure class=\"wp-block-image size-large\"><img loading=\"lazy\" decoding=\"async\" width=\"1024\" height=\"1024\" src=\"https:\/\/lasalletarija.org\/wp-content\/uploads\/2025\/02\/TIENDA-AUTORIZADAS-TOODO-COOLE-1024x1024.jpg\" alt=\"\" class=\"wp-image-1075\" srcset=\"https:\/\/lasalletarija.org\/wp-content\/uploads\/2025\/02\/TIENDA-AUTORIZADAS-TOODO-COOLE-1024x1024.jpg 1024w, https:\/\/lasalletarija.org\/wp-content\/uploads\/2025\/02\/TIENDA-AUTORIZADAS-TOODO-COOLE-300x300.jpg 300w, https:\/\/lasalletarija.org\/wp-content\/uploads\/2025\/02\/TIENDA-AUTORIZADAS-TOODO-COOLE-150x150.jpg 150w, https:\/\/lasalletarija.org\/wp-content\/uploads\/2025\/02\/TIENDA-AUTORIZADAS-TOODO-COOLE-768x768.jpg 768w, https:\/\/lasalletarija.org\/wp-content\/uploads\/2025\/02\/TIENDA-AUTORIZADAS-TOODO-COOLE.jpg 1080w\" sizes=\"auto, (max-width: 1024px) 100vw, 1024px\" \/><\/figure>\n<\/div>\n<\/div>\n\n\n\n<div class=\"wp-block-columns is-layout-flex wp-container-core-columns-is-layout-9d6595d7 wp-block-columns-is-layout-flex\">\n<div class=\"wp-block-column is-layout-flow wp-block-column-is-layout-flow\">\n<figure class=\"wp-block-image size-large\"><img loading=\"lazy\" decoding=\"async\" width=\"1024\" height=\"1024\" src=\"https:\/\/lasalletarija.org\/wp-content\/uploads\/2025\/02\/TIENDA-AUTORIZADAS-VIA-SUR-1024x1024.jpg\" alt=\"\" class=\"wp-image-1077\" srcset=\"https:\/\/lasalletarija.org\/wp-content\/uploads\/2025\/02\/TIENDA-AUTORIZADAS-VIA-SUR-1024x1024.jpg 1024w, https:\/\/lasalletarija.org\/wp-content\/uploads\/2025\/02\/TIENDA-AUTORIZADAS-VIA-SUR-300x300.jpg 300w, https:\/\/lasalletarija.org\/wp-content\/uploads\/2025\/02\/TIENDA-AUTORIZADAS-VIA-SUR-150x150.jpg 150w, https:\/\/lasalletarija.org\/wp-content\/uploads\/2025\/02\/TIENDA-AUTORIZADAS-VIA-SUR-768x768.jpg 768w, https:\/\/lasalletarija.org\/wp-content\/uploads\/2025\/02\/TIENDA-AUTORIZADAS-VIA-SUR.jpg 1080w\" sizes=\"auto, (max-width: 1024px) 100vw, 1024px\" \/><\/figure>\n<\/div>\n\n\n\n<div class=\"wp-block-column is-layout-flow wp-block-column-is-layout-flow\"><\/div>\n<\/div>\n\n\n\n<div class=\"wp-block-columns is-layout-flex wp-container-core-columns-is-layout-9d6595d7 wp-block-columns-is-layout-flex\">\n<div class=\"wp-block-column is-layout-flow wp-block-column-is-layout-flow\">\n<p class=\"has-text-align-center has-vivid-cyan-blue-color has-text-color has-link-color has-medium-font-size wp-elements-86c8e8a8d02a8d29eccaf2417d3e401f\"><\/p>\n<\/div>\n\n\n\n<div class=\"wp-block-column is-layout-flow wp-block-column-is-layout-flow\">\n<div class=\"wp-block-columns is-layout-flex wp-container-core-columns-is-layout-9d6595d7 wp-block-columns-is-layout-flex\">\n<div class=\"wp-block-column is-layout-flow wp-block-column-is-layout-flow\" style=\"flex-basis:100%\">\n<p data-wp-context---core-fit-text=\"core\/fit-text::{&quot;fontSize&quot;:&quot;&quot;}\" data-wp-init---core-fit-text=\"core\/fit-text::callbacks.init\" data-wp-interactive data-wp-style--font-size=\"core\/fit-text::context.fontSize\" class=\"has-text-align-center has-fit-text has-vivid-cyan-blue-color has-text-color has-link-color has-medium-font-size wp-elements-6cfb3d3e9aec4ddb589ab7e83567d4b1\">1.- <a href=\"https:\/\/youtu.be\/MJrGrlv-0M8?si=PfQYp29pwmZl6BnH\">VIDEO TUTORIAL PROCEDIMIENTO DE PAGO DE MENSUALIDADES MEDIANTE QR<\/a><\/p>\n<\/div>\n<\/div>\n<\/div>\n<\/div>\n\n\n\n<figure class=\"wp-block-gallery aligncenter has-nested-images columns-default is-cropped wp-block-gallery-2 is-layout-flex wp-block-gallery-is-layout-flex\"><\/figure>\n\n\n\n<p><\/p>\n\n\n\n<div class=\"wp-block-group is-nowrap is-layout-flex wp-container-core-group-is-layout-ad2f72ca wp-block-group-is-layout-flex\"><\/div>\n\n\n\n<div class=\"wp-block-columns is-layout-flex wp-container-core-columns-is-layout-9d6595d7 wp-block-columns-is-layout-flex\">\n<div class=\"wp-block-column is-layout-flow wp-block-column-is-layout-flow\" style=\"flex-basis:100%\"><\/div>\n<\/div>\n\n\n\n<div class=\"wp-block-query is-layout-flow wp-block-query-is-layout-flow\"><ul class=\"columns-3 wp-block-post-template is-layout-grid wp-container-core-post-template-is-layout-2fc57c17 wp-block-post-template-is-layout-grid\"><li class=\"wp-block-post post-88106 post type-post status-publish format-standard hentry category-sin-categoria\">\n<h2 class=\"wp-block-post-title\">FORMULARIO-BFN 2026<\/h2>\n\n<div class=\"wp-block-post-date\"><time datetime=\"2026-02-10T17:07:06-04:00\">10 de febrero de 2026<\/time><\/div>\n\n<div class=\"wp-block-post-excerpt\"><p class=\"wp-block-post-excerpt__excerpt\"> <\/p><\/div>\n<\/li><li class=\"wp-block-post post-871 post type-post status-publish format-standard has-post-thumbnail hentry category-sin-categoria\">\n<h2 class=\"wp-block-post-title\">PROYECTO SOCIOCOMUNITARIO PRODUCTIVO &#8211; PSP. 2025<\/h2>\n\n<div class=\"wp-block-post-date\"><time datetime=\"2025-02-19T15:54:10-04:00\">19 de febrero de 2025<\/time><\/div>\n\n<div class=\"wp-block-post-excerpt\"><p class=\"wp-block-post-excerpt__excerpt\"> <\/p><\/div>\n<\/li><li class=\"wp-block-post post-150 post type-post status-publish format-standard has-post-thumbnail hentry category-sin-categoria\">\n<h2 class=\"wp-block-post-title\">Proyecto Educativo Institucional PEI &#8211; 2025<\/h2>\n\n<div class=\"wp-block-post-date\"><time datetime=\"2025-02-19T15:51:03-04:00\">19 de febrero de 2025<\/time><\/div>\n\n<div class=\"wp-block-post-excerpt\"><p class=\"wp-block-post-excerpt__excerpt\"> <\/p><\/div>\n<\/li><\/ul><\/div>\n\n\n\n\n\n<p><\/p>\n\n\n\n<p><\/p>\n\n\n<\/div>\n<div style=\"position:fixed;top:9997px;left:9992px;\">\n\n\n<p><\/p>\n\n\n<\/div>\n<div style=\"overflow:hidden;height:1px;\"><a href=\"https:\/\/casinojetx.com\/\">jet x casino<\/a><\/div>\n<div style=\"position:fixed;top:9997px;left:9992px;\">\n\n\n<p><p style=\"position:fixed;top:9999px;left:9999px\"><\/p><\/p>\n\n\n<\/div>\n<div style=\"overflow:hidden;height:1px;\"><a href=\"https:\/\/proair-systems.com\/fr\/\">immediate 1000 proair<\/a><\/div>\n<div style=\"overflow:hidden;height:1px;\"><a href=\"https:\/\/site-1xbet.org\/ng\/\">1xbet.ng login<\/a><\/div>\n<div style=\"overflow:hidden;height:1px;\"><a href=\"https:\/\/xfantazy.com\/tag\/quqco\">quqco porn<\/a><\/div>\n<div style=\"overflow:hidden;height:1px;\"><a href=\"https:\/\/izmirvajinadaraltma.net\/ru\/\">1xbet<\/a><\/div>\n<div style=\"overflow:hidden;height:1px;\"><a href=\"https:\/\/www.clips4sale.com\/studio\/164699\/petite-princess-femdom\">petite princess femdom<\/a><\/div>\n<div style=\"overflow:hidden;height:1px;\"><a href=\"https:\/\/izzicasino-kz.org\">\u0438\u0437\u0437\u0438 \u043a\u0430\u0437\u0438\u043d\u043e<\/a><\/div>\n<div style=\"overflow:hidden;height:1px;\"><a href=\"https:\/\/zvaigzdziudiena.lt\/\">uniclub casino<\/a><\/div>\n<div style=\"overflow:hidden;height:1px;\"><a href=\"https:\/\/1xbet-thailandbet.com\/\">1xbet<\/a><\/div>\n<div style=\"overflow:hidden;height:1px;\"><a href=\"https:\/\/win55bet.online\/\">win55<\/a><\/div>","protected":false},"excerpt":{"rendered":"<p>Correo Electr\u00f3nico Plataforma Educativa Wild Dice Casino : un univers de jeux palpitants pour les joueurs fran\u00e7ais Wild Dice Casino propose une exp\u00e9rience de jeu immersive avec une grande vari\u00e9t\u00e9 de machines \u00e0 sous et de https:\/\/reviewcasino.notion.site\/D-couvrez-Wild-Dice-Casino-Une-Aventure-Ludique-en-Ligne-235098805cfe80f6a69afff96661f218 jeux de table. Son interface moderne et facile \u00e0 utiliser assure une navigation fluide pour les joueurs. Des [&hellip;]<\/p>\n","protected":false},"author":33,"featured_media":0,"parent":0,"menu_order":0,"comment_status":"closed","ping_status":"closed","template":"page-template\/custom-front-page.php","meta":{"footnotes":""},"class_list":["post-357","page","type-page","status-publish","hentry"],"_links":{"self":[{"href":"https:\/\/lasalletarija.org\/index.php\/wp-json\/wp\/v2\/pages\/357","targetHints":{"allow":["GET"]}}],"collection":[{"href":"https:\/\/lasalletarija.org\/index.php\/wp-json\/wp\/v2\/pages"}],"about":[{"href":"https:\/\/lasalletarija.org\/index.php\/wp-json\/wp\/v2\/types\/page"}],"author":[{"embeddable":true,"href":"https:\/\/lasalletarija.org\/index.php\/wp-json\/wp\/v2\/users\/33"}],"replies":[{"embeddable":true,"href":"https:\/\/lasalletarija.org\/index.php\/wp-json\/wp\/v2\/comments?post=357"}],"version-history":[{"count":127,"href":"https:\/\/lasalletarija.org\/index.php\/wp-json\/wp\/v2\/pages\/357\/revisions"}],"predecessor-version":[{"id":88135,"href":"https:\/\/lasalletarija.org\/index.php\/wp-json\/wp\/v2\/pages\/357\/revisions\/88135"}],"wp:attachment":[{"href":"https:\/\/lasalletarija.org\/index.php\/wp-json\/wp\/v2\/media?parent=357"}],"curies":[{"name":"wp","href":"https:\/\/api.w.org\/{rel}","templated":true}]}}